{"id":540,"date":"2024-04-03T17:48:53","date_gmt":"2024-04-03T17:48:53","guid":{"rendered":"https:\/\/zonafpark.com\/?page_id=540"},"modified":"2024-05-21T11:15:54","modified_gmt":"2024-05-21T11:15:54","slug":"area-comercial","status":"publish","type":"page","link":"https:\/\/zonafpark.com\/index.php\/area-comercial\/","title":{"rendered":"\u00c1REA COMERCIAL"},"content":{"rendered":"\t\t<div data-elementor-type=\"wp-page\" data-elementor-id=\"540\" class=\"elementor elementor-540\" data-elementor-post-type=\"page\">\n\t\t\t\t\t\t<section data-particle_enable=\"false\" data-particle-mobile-disabled=\"false\" class=\"elementor-section elementor-top-section elementor-element elementor-element-c1e8b6c elementor-section-boxed elementor-section-height-default elementor-section-height-default\" data-id=\"c1e8b6c\" data-element_type=\"section\">\n\t\t\t\t\t\t<div class=\"elementor-container elementor-column-gap-default\">\n\t\t\t\t\t<div class=\"elementor-column elementor-col-100 elementor-top-column elementor-element elementor-element-e81460d\" data-id=\"e81460d\" data-element_type=\"column\">\n\t\t\t<div class=\"elementor-widget-wrap elementor-element-populated\">\n\t\t\t\t\t\t<div class=\"elementor-element elementor-element-d6488ea elementor-widget elementor-widget-heading\" data-id=\"d6488ea\" data-element_type=\"widget\" data-widget_type=\"heading.default\">\n\t\t\t\t<div class=\"elementor-widget-container\">\n\t\t\t<style>\/*! elementor - v3.19.0 - 07-02-2024 *\/\n.elementor-heading-title{padding:0;margin:0;line-height:1}.elementor-widget-heading .elementor-heading-title[class*=elementor-size-]>a{color:inherit;font-size:inherit;line-height:inherit}.elementor-widget-heading .elementor-heading-title.elementor-size-small{font-size:15px}.elementor-widget-heading .elementor-heading-title.elementor-size-medium{font-size:19px}.elementor-widget-heading .elementor-heading-title.elementor-size-large{font-size:29px}.elementor-widget-heading .elementor-heading-title.elementor-size-xl{font-size:39px}.elementor-widget-heading .elementor-heading-title.elementor-size-xxl{font-size:59px}<\/style><h2 class=\"elementor-heading-title elementor-size-default\">Zona F - Mall.<\/h2>\t\t<\/div>\n\t\t\t\t<\/div>\n\t\t\t\t\t<\/div>\n\t\t<\/div>\n\t\t\t\t\t<\/div>\n\t\t<\/section>\n\t\t\t\t<section data-particle_enable=\"false\" data-particle-mobile-disabled=\"false\" class=\"elementor-section elementor-top-section elementor-element elementor-element-78ee6e9 elementor-section-boxed elementor-section-height-default elementor-section-height-default\" data-id=\"78ee6e9\" data-element_type=\"section\">\n\t\t\t\t\t\t<div class=\"elementor-container elementor-column-gap-default\">\n\t\t\t\t\t<div class=\"elementor-column elementor-col-50 elementor-top-column elementor-element elementor-element-cd3655c\" data-id=\"cd3655c\" data-element_type=\"column\">\n\t\t\t<div class=\"elementor-widget-wrap elementor-element-populated\">\n\t\t\t\t\t\t<div class=\"elementor-element elementor-element-5b7a8fb elementor-widget elementor-widget-text-editor\" data-id=\"5b7a8fb\" data-element_type=\"widget\" data-widget_type=\"text-editor.default\">\n\t\t\t\t<div class=\"elementor-widget-container\">\n\t\t\t<style>\/*! elementor - v3.19.0 - 07-02-2024 *\/\n.elementor-widget-text-editor.elementor-drop-cap-view-stacked .elementor-drop-cap{background-color:#69727d;color:#fff}.elementor-widget-text-editor.elementor-drop-cap-view-framed .elementor-drop-cap{color:#69727d;border:3px solid;background-color:transparent}.elementor-widget-text-editor:not(.elementor-drop-cap-view-default) .elementor-drop-cap{margin-top:8px}.elementor-widget-text-editor:not(.elementor-drop-cap-view-default) .elementor-drop-cap-letter{width:1em;height:1em}.elementor-widget-text-editor .elementor-drop-cap{float:left;text-align:center;line-height:1;font-size:50px}.elementor-widget-text-editor .elementor-drop-cap-letter{display:inline-block}<\/style>\t\t\t\t<p><span style=\"background-color: var(--ast-global-color-5); color: var( --e-global-color-text ); font-style: inherit; font-weight: inherit;\">En un \u00e1rea llena de ambiente animado, confortante y espacios para disfrutar tanto del trabajo como en familia que dispondr\u00e1 de:<\/span><\/p><ul><li><span style=\"background-color: var(--ast-global-color-5); color: var( --e-global-color-text ); font-style: inherit; font-weight: inherit;\">9 Locales gastron\u00f3micos totalmente dotados para su funcionamiento y ofrecer una e<\/span><span style=\"background-color: var(--ast-global-color-5); color: var( --e-global-color-text );\">xperiencia gastron\u00f3mica \u00fanica con una amplia oferta culinaria internacional.<\/span><\/li><li>26 locales comerciales con distintas areas y vistas de fachada<\/li><li>Tiendas exclusivas que ofrecen productos de alta calidad y \u00faltimas tendencias.<\/li><li>Espacios de entretenimiento para todas las edades, desde ni\u00f1os hasta adultos.<\/li><li>Dise\u00f1o arquitect\u00f3nico impresionante que crea un ambiente agradable y acogedor.<\/li><li><span style=\"font-size: 16px;\">Acceso conveniente y mas de 350 estacionamientos, y un espacio seguro para una visita sin preocupaciones.<\/span><\/li><li>Zonas de descanso y \u00e1reas verdes para relajarse durante la jornada de compras.<\/li><\/ul><p>\u2022 Servicios adicionales como Wi-Fi gratuito y asistencia al cliente excepcional.<br \/>\u2022 Ubicaci\u00f3n privilegiada y \u00e1reas de f\u00e1cil acceso.<br \/>\u2022 Decoraci\u00f3n inspiradora y atm\u00f3sfera envolvente que estimulan los sentidos.<br \/><br \/><\/p>\t\t\t\t\t\t<\/div>\n\t\t\t\t<\/div>\n\t\t\t\t<div class=\"elementor-element elementor-element-11ad413 elementor-widget elementor-widget-text-editor\" data-id=\"11ad413\" data-element_type=\"widget\" data-widget_type=\"text-editor.default\">\n\t\t\t\t<div class=\"elementor-widget-container\">\n\t\t\t\t\t\t\t\t\t\t\t\t\t<\/div>\n\t\t\t\t<\/div>\n\t\t\t\t\t<\/div>\n\t\t<\/div>\n\t\t\t\t<div class=\"elementor-column elementor-col-50 elementor-top-column elementor-element elementor-element-57c8ea3\" data-id=\"57c8ea3\" data-element_type=\"column\">\n\t\t\t<div class=\"elementor-widget-wrap elementor-element-populated\">\n\t\t\t\t\t\t<div class=\"elementor-element elementor-element-d275e70 elementor-widget elementor-widget-image\" data-id=\"d275e70\" data-element_type=\"widget\" data-widget_type=\"image.default\">\n\t\t\t\t<div class=\"elementor-widget-container\">\n\t\t\t<style>\/*! elementor - v3.19.0 - 07-02-2024 *\/\n.elementor-widget-image{text-align:center}.elementor-widget-image a{display:inline-block}.elementor-widget-image a img[src$=\".svg\"]{width:48px}.elementor-widget-image img{vertical-align:middle;display:inline-block}<\/style>\t\t\t\t\t\t\t\t\t\t<img fetchpriority=\"high\" decoding=\"async\" width=\"1024\" height=\"576\" src=\"https:\/\/zonafpark.com\/wp-content\/uploads\/2024\/05\/CAM_B_Sin-Logos-1024x576.jpg\" class=\"attachment-large size-large wp-image-738\" alt=\"\" srcset=\"https:\/\/zonafpark.com\/wp-content\/uploads\/2024\/05\/CAM_B_Sin-Logos-1024x576.jpg 1024w, https:\/\/zonafpark.com\/wp-content\/uploads\/2024\/05\/CAM_B_Sin-Logos-300x169.jpg 300w, https:\/\/zonafpark.com\/wp-content\/uploads\/2024\/05\/CAM_B_Sin-Logos-768x432.jpg 768w, https:\/\/zonafpark.com\/wp-content\/uploads\/2024\/05\/CAM_B_Sin-Logos-1536x864.jpg 1536w, https:\/\/zonafpark.com\/wp-content\/uploads\/2024\/05\/CAM_B_Sin-Logos-2048x1152.jpg 2048w\" sizes=\"(max-width: 1024px) 100vw, 1024px\" \/>\t\t\t\t\t\t\t\t\t\t\t\t\t<\/div>\n\t\t\t\t<\/div>\n\t\t\t\t<div class=\"elementor-element elementor-element-0dd029c elementor-widget elementor-widget-image\" data-id=\"0dd029c\" data-element_type=\"widget\" data-widget_type=\"image.default\">\n\t\t\t\t<div class=\"elementor-widget-container\">\n\t\t\t\t\t\t\t\t\t\t\t\t\t<img decoding=\"async\" width=\"1024\" height=\"576\" src=\"https:\/\/zonafpark.com\/wp-content\/uploads\/2024\/05\/CAM_J_-1-1024x576.jpg\" class=\"attachment-large size-large wp-image-785\" alt=\"\" srcset=\"https:\/\/zonafpark.com\/wp-content\/uploads\/2024\/05\/CAM_J_-1-1024x576.jpg 1024w, https:\/\/zonafpark.com\/wp-content\/uploads\/2024\/05\/CAM_J_-1-300x169.jpg 300w, https:\/\/zonafpark.com\/wp-content\/uploads\/2024\/05\/CAM_J_-1-768x432.jpg 768w, https:\/\/zonafpark.com\/wp-content\/uploads\/2024\/05\/CAM_J_-1-1536x864.jpg 1536w, https:\/\/zonafpark.com\/wp-content\/uploads\/2024\/05\/CAM_J_-1-2048x1152.jpg 2048w\" sizes=\"(max-width: 1024px) 100vw, 1024px\" \/>\t\t\t\t\t\t\t\t\t\t\t\t\t<\/div>\n\t\t\t\t<\/div>\n\t\t\t\t\t<\/div>\n\t\t<\/div>\n\t\t\t\t\t<\/div>\n\t\t<\/section>\n\t\t\t\t<section data-particle_enable=\"false\" data-particle-mobile-disabled=\"false\" class=\"elementor-section elementor-top-section elementor-element elementor-element-8480186 elementor-section-boxed elementor-section-height-default elementor-section-height-default\" data-id=\"8480186\" data-element_type=\"section\">\n\t\t\t\t\t\t<div class=\"elementor-container elementor-column-gap-default\">\n\t\t\t\t\t<div class=\"elementor-column elementor-col-100 elementor-top-column elementor-element elementor-element-79cf81c\" data-id=\"79cf81c\" data-element_type=\"column\">\n\t\t\t<div class=\"elementor-widget-wrap\">\n\t\t\t\t\t\t\t<\/div>\n\t\t<\/div>\n\t\t\t\t\t<\/div>\n\t\t<\/section>\n\t\t\t\t<\/div>\n\t\t","protected":false},"excerpt":{"rendered":"<p>Zona F &#8211; Mall. En un \u00e1rea llena de ambiente animado, confortante y espacios para disfrutar tanto del trabajo como [&hellip;]<\/p>\n","protected":false},"author":1,"featured_media":0,"parent":0,"menu_order":0,"comment_status":"closed","ping_status":"closed","template":"","meta":{"site-sidebar-layout":"no-sidebar","site-content-layout":"","ast-site-content-layout":"full-width-container","site-content-style":"default","site-sidebar-style":"default","ast-global-header-display":"","ast-banner-title-visibility":"","ast-main-header-display":"","ast-hfb-above-header-display":"","ast-hfb-below-header-display":"","ast-hfb-mobile-header-display":"","site-post-title":"disabled","ast-breadcrumbs-content":"","ast-featured-img":"disabled","footer-sml-layout":"","theme-transparent-header-meta":"","adv-header-id-meta":"","stick-header-meta":"","header-above-stick-meta":"","header-main-stick-meta":"","header-below-stick-meta":"","astra-migrate-meta-layouts":"default","ast-page-background-enabled":"default","ast-page-background-meta":{"desktop":{"background-color":"var(--ast-global-color-4)","background-image":"","background-repeat":"repeat","background-position":"center center","background-size":"auto","background-attachment":"scroll","background-type":"","background-media":"","overlay-type":"","overlay-color":"","overlay-gradient":""},"tablet":{"background-color":"","background-image":"","background-repeat":"repeat","background-position":"center center","background-size":"auto","background-attachment":"scroll","background-type":"","background-media":"","overlay-type":"","overlay-color":"","overlay-gradient":""},"mobile":{"background-color":"","background-image":"","background-repeat":"repeat","background-position":"center center","background-size":"auto","background-attachment":"scroll","background-type":"","background-media":"","overlay-type":"","overlay-color":"","overlay-gradient":""}},"ast-content-background-meta":{"desktop":{"background-color":"var(--ast-global-color-5)","background-image":"","background-repeat":"repeat","background-position":"center center","background-size":"auto","background-attachment":"scroll","background-type":"","background-media":"","overlay-type":"","overlay-color":"","overlay-gradient":""},"tablet":{"background-color":"var(--ast-global-color-5)","background-image":"","background-repeat":"repeat","background-position":"center center","background-size":"auto","background-attachment":"scroll","background-type":"","background-media":"","overlay-type":"","overlay-color":"","overlay-gradient":""},"mobile":{"background-color":"var(--ast-global-color-5)","background-image":"","background-repeat":"repeat","background-position":"center center","background-size":"auto","background-attachment":"scroll","background-type":"","background-media":"","overlay-type":"","overlay-color":"","overlay-gradient":""}},"_joinchat":[],"footnotes":""},"class_list":["post-540","page","type-page","status-publish","hentry"],"_links":{"self":[{"href":"https:\/\/zonafpark.com\/index.php\/wp-json\/wp\/v2\/pages\/540","targetHints":{"allow":["GET"]}}],"collection":[{"href":"https:\/\/zonafpark.com\/index.php\/wp-json\/wp\/v2\/pages"}],"about":[{"href":"https:\/\/zonafpark.com\/index.php\/wp-json\/wp\/v2\/types\/page"}],"author":[{"embeddable":true,"href":"https:\/\/zonafpark.com\/index.php\/wp-json\/wp\/v2\/users\/1"}],"replies":[{"embeddable":true,"href":"https:\/\/zonafpark.com\/index.php\/wp-json\/wp\/v2\/comments?post=540"}],"version-history":[{"count":28,"href":"https:\/\/zonafpark.com\/index.php\/wp-json\/wp\/v2\/pages\/540\/revisions"}],"predecessor-version":[{"id":849,"href":"https:\/\/zonafpark.com\/index.php\/wp-json\/wp\/v2\/pages\/540\/revisions\/849"}],"wp:attachment":[{"href":"https:\/\/zonafpark.com\/index.php\/wp-json\/wp\/v2\/media?parent=540"}],"curies":[{"name":"wp","href":"https:\/\/api.w.org\/{rel}","templated":true}]}}