{"id":607,"date":"2024-04-03T19:59:59","date_gmt":"2024-04-03T19:59:59","guid":{"rendered":"https:\/\/zonafpark.com\/?page_id=607"},"modified":"2024-05-21T11:07:08","modified_gmt":"2024-05-21T11:07:08","slug":"elementor-607","status":"publish","type":"page","link":"https:\/\/zonafpark.com\/index.php\/elementor-607\/","title":{"rendered":"ZF &#8211; CENTRO LOGISTICO"},"content":{"rendered":"\t\t<div data-elementor-type=\"wp-page\" data-elementor-id=\"607\" class=\"elementor elementor-607\" data-elementor-post-type=\"page\">\n\t\t\t\t\t\t<section data-particle_enable=\"false\" data-particle-mobile-disabled=\"false\" class=\"elementor-section elementor-top-section elementor-element elementor-element-2a207cd elementor-section-boxed elementor-section-height-default elementor-section-height-default\" data-id=\"2a207cd\" data-element_type=\"section\">\n\t\t\t\t\t\t<div class=\"elementor-container elementor-column-gap-default\">\n\t\t\t\t\t<div class=\"elementor-column elementor-col-100 elementor-top-column elementor-element elementor-element-cf4416a\" data-id=\"cf4416a\" data-element_type=\"column\">\n\t\t\t<div class=\"elementor-widget-wrap elementor-element-populated\">\n\t\t\t\t\t\t<div class=\"elementor-element elementor-element-eee3f9a elementor-widget elementor-widget-heading\" data-id=\"eee3f9a\" data-element_type=\"widget\" data-widget_type=\"heading.default\">\n\t\t\t\t<div class=\"elementor-widget-container\">\n\t\t\t<style>\/*! elementor - v3.19.0 - 07-02-2024 *\/\n.elementor-heading-title{padding:0;margin:0;line-height:1}.elementor-widget-heading .elementor-heading-title[class*=elementor-size-]>a{color:inherit;font-size:inherit;line-height:inherit}.elementor-widget-heading .elementor-heading-title.elementor-size-small{font-size:15px}.elementor-widget-heading .elementor-heading-title.elementor-size-medium{font-size:19px}.elementor-widget-heading .elementor-heading-title.elementor-size-large{font-size:29px}.elementor-widget-heading .elementor-heading-title.elementor-size-xl{font-size:39px}.elementor-widget-heading .elementor-heading-title.elementor-size-xxl{font-size:59px}<\/style><h2 class=\"elementor-heading-title elementor-size-default\">Zona F - Tecnolog\u00eda y Log\u00edstica.<\/h2>\t\t<\/div>\n\t\t\t\t<\/div>\n\t\t\t\t\t<\/div>\n\t\t<\/div>\n\t\t\t\t\t<\/div>\n\t\t<\/section>\n\t\t\t\t<section data-particle_enable=\"false\" data-particle-mobile-disabled=\"false\" class=\"elementor-section elementor-top-section elementor-element elementor-element-7cc2216 elementor-section-boxed elementor-section-height-default elementor-section-height-default\" data-id=\"7cc2216\" data-element_type=\"section\">\n\t\t\t\t\t\t<div class=\"elementor-container elementor-column-gap-default\">\n\t\t\t\t\t<div class=\"elementor-column elementor-col-50 elementor-top-column elementor-element elementor-element-00b7069\" data-id=\"00b7069\" data-element_type=\"column\">\n\t\t\t<div class=\"elementor-widget-wrap elementor-element-populated\">\n\t\t\t\t\t\t<div class=\"elementor-element elementor-element-e64c4a4 elementor-widget elementor-widget-text-editor\" data-id=\"e64c4a4\" data-element_type=\"widget\" data-widget_type=\"text-editor.default\">\n\t\t\t\t<div class=\"elementor-widget-container\">\n\t\t\t<style>\/*! elementor - v3.19.0 - 07-02-2024 *\/\n.elementor-widget-text-editor.elementor-drop-cap-view-stacked .elementor-drop-cap{background-color:#69727d;color:#fff}.elementor-widget-text-editor.elementor-drop-cap-view-framed .elementor-drop-cap{color:#69727d;border:3px solid;background-color:transparent}.elementor-widget-text-editor:not(.elementor-drop-cap-view-default) .elementor-drop-cap{margin-top:8px}.elementor-widget-text-editor:not(.elementor-drop-cap-view-default) .elementor-drop-cap-letter{width:1em;height:1em}.elementor-widget-text-editor .elementor-drop-cap{float:left;text-align:center;line-height:1;font-size:50px}.elementor-widget-text-editor .elementor-drop-cap-letter{display:inline-block}<\/style>\t\t\t\t<p>Eficiencia operativa con tecnolog\u00eda avanzada para optimizar procesos log\u00edsticos.<\/p>\n<p>\u2022 + de 2 km de v\u00edas exclusivas de transporte masivo y de carga.<br>\u2022 Localizaci\u00f3n estrat\u00e9gica para una distribuci\u00f3n r\u00e1pida y costos reducidos (cercan\u00eda al aeropuerto internacional).<br>\u2022 Seguridad de vanguardia para proteger la integridad de los productos almacenados.<br>\u2022 Flexibilidad para adaptarse a cambios en la cadena de suministro y demanda.<br>\u2022 Infraestructura moderna dise\u00f1ada para flujos de trabajo eficientes y seguros.<br>\u2022 Soluciones personalizadas que se adaptan a las necesidades espec\u00edficas de cada cliente.<br>\u2022 Red de socios y colaboradores para ofrecer soluciones integrales a nivel global.<br>\u2022 Innovaci\u00f3n constante para mantenerse a la vanguardia en el sector log\u00edstico.<\/p>\t\t\t\t\t\t<\/div>\n\t\t\t\t<\/div>\n\t\t\t\t\t<\/div>\n\t\t<\/div>\n\t\t\t\t<div class=\"elementor-column elementor-col-50 elementor-top-column elementor-element elementor-element-fd503d1\" data-id=\"fd503d1\" data-element_type=\"column\">\n\t\t\t<div class=\"elementor-widget-wrap elementor-element-populated\">\n\t\t\t\t\t\t<div class=\"elementor-element elementor-element-43f54bc elementor-widget elementor-widget-image\" data-id=\"43f54bc\" data-element_type=\"widget\" data-widget_type=\"image.default\">\n\t\t\t\t<div class=\"elementor-widget-container\">\n\t\t\t<style>\/*! elementor - v3.19.0 - 07-02-2024 *\/\n.elementor-widget-image{text-align:center}.elementor-widget-image a{display:inline-block}.elementor-widget-image a img[src$=\".svg\"]{width:48px}.elementor-widget-image img{vertical-align:middle;display:inline-block}<\/style>\t\t\t\t\t\t\t\t\t\t<img fetchpriority=\"high\" decoding=\"async\" width=\"1024\" height=\"576\" src=\"https:\/\/zonafpark.com\/wp-content\/uploads\/2024\/05\/CAM_Q_-1024x576.jpg\" class=\"attachment-large size-large wp-image-833\" alt=\"\" srcset=\"https:\/\/zonafpark.com\/wp-content\/uploads\/2024\/05\/CAM_Q_-1024x576.jpg 1024w, https:\/\/zonafpark.com\/wp-content\/uploads\/2024\/05\/CAM_Q_-300x169.jpg 300w, https:\/\/zonafpark.com\/wp-content\/uploads\/2024\/05\/CAM_Q_-768x432.jpg 768w, https:\/\/zonafpark.com\/wp-content\/uploads\/2024\/05\/CAM_Q_-1536x864.jpg 1536w, https:\/\/zonafpark.com\/wp-content\/uploads\/2024\/05\/CAM_Q_-2048x1152.jpg 2048w\" sizes=\"(max-width: 1024px) 100vw, 1024px\" \/>\t\t\t\t\t\t\t\t\t\t\t\t\t<\/div>\n\t\t\t\t<\/div>\n\t\t\t\t<div class=\"elementor-element elementor-element-2d2b8ce elementor-widget elementor-widget-image\" data-id=\"2d2b8ce\" data-element_type=\"widget\" data-widget_type=\"image.default\">\n\t\t\t\t<div class=\"elementor-widget-container\">\n\t\t\t\t\t\t\t\t\t\t\t\t\t<img decoding=\"async\" width=\"1024\" height=\"670\" src=\"https:\/\/zonafpark.com\/wp-content\/uploads\/2024\/04\/aerial-view-of-logistic-center-1024x670.jpg\" class=\"attachment-large size-large wp-image-659\" alt=\"Aerial view of logistic center\" srcset=\"https:\/\/zonafpark.com\/wp-content\/uploads\/2024\/04\/aerial-view-of-logistic-center-1024x670.jpg 1024w, https:\/\/zonafpark.com\/wp-content\/uploads\/2024\/04\/aerial-view-of-logistic-center-300x196.jpg 300w, https:\/\/zonafpark.com\/wp-content\/uploads\/2024\/04\/aerial-view-of-logistic-center-768x503.jpg 768w, https:\/\/zonafpark.com\/wp-content\/uploads\/2024\/04\/aerial-view-of-logistic-center-1536x1005.jpg 1536w, https:\/\/zonafpark.com\/wp-content\/uploads\/2024\/04\/aerial-view-of-logistic-center.jpg 2000w\" sizes=\"(max-width: 1024px) 100vw, 1024px\" \/>\t\t\t\t\t\t\t\t\t\t\t\t\t<\/div>\n\t\t\t\t<\/div>\n\t\t\t\t\t<\/div>\n\t\t<\/div>\n\t\t\t\t\t<\/div>\n\t\t<\/section>\n\t\t\t\t<\/div>\n\t\t","protected":false},"excerpt":{"rendered":"<p>Zona F &#8211; Tecnolog\u00eda y Log\u00edstica. Eficiencia operativa con tecnolog\u00eda avanzada para optimizar procesos log\u00edsticos. \u2022 + de 2 km [&hellip;]<\/p>\n","protected":false},"author":1,"featured_media":0,"parent":0,"menu_order":0,"comment_status":"closed","ping_status":"closed","template":"","meta":{"site-sidebar-layout":"no-sidebar","site-content-layout":"","ast-site-content-layout":"full-width-container","site-content-style":"default","site-sidebar-style":"default","ast-global-header-display":"","ast-banner-title-visibility":"","ast-main-header-display":"","ast-hfb-above-header-display":"","ast-hfb-below-header-display":"","ast-hfb-mobile-header-display":"","site-post-title":"disabled","ast-breadcrumbs-content":"","ast-featured-img":"disabled","footer-sml-layout":"","theme-transparent-header-meta":"","adv-header-id-meta":"","stick-header-meta":"","header-above-stick-meta":"","header-main-stick-meta":"","header-below-stick-meta":"","astra-migrate-meta-layouts":"default","ast-page-background-enabled":"default","ast-page-background-meta":{"desktop":{"background-color":"var(--ast-global-color-4)","background-image":"","background-repeat":"repeat","background-position":"center center","background-size":"auto","background-attachment":"scroll","background-type":"","background-media":"","overlay-type":"","overlay-color":"","overlay-gradient":""},"tablet":{"background-color":"","background-image":"","background-repeat":"repeat","background-position":"center center","background-size":"auto","background-attachment":"scroll","background-type":"","background-media":"","overlay-type":"","overlay-color":"","overlay-gradient":""},"mobile":{"background-color":"","background-image":"","background-repeat":"repeat","background-position":"center center","background-size":"auto","background-attachment":"scroll","background-type":"","background-media":"","overlay-type":"","overlay-color":"","overlay-gradient":""}},"ast-content-background-meta":{"desktop":{"background-color":"var(--ast-global-color-5)","background-image":"","background-repeat":"repeat","background-position":"center center","background-size":"auto","background-attachment":"scroll","background-type":"","background-media":"","overlay-type":"","overlay-color":"","overlay-gradient":""},"tablet":{"background-color":"var(--ast-global-color-5)","background-image":"","background-repeat":"repeat","background-position":"center center","background-size":"auto","background-attachment":"scroll","background-type":"","background-media":"","overlay-type":"","overlay-color":"","overlay-gradient":""},"mobile":{"background-color":"var(--ast-global-color-5)","background-image":"","background-repeat":"repeat","background-position":"center center","background-size":"auto","background-attachment":"scroll","background-type":"","background-media":"","overlay-type":"","overlay-color":"","overlay-gradient":""}},"_joinchat":[],"footnotes":""},"class_list":["post-607","page","type-page","status-publish","hentry"],"_links":{"self":[{"href":"https:\/\/zonafpark.com\/index.php\/wp-json\/wp\/v2\/pages\/607","targetHints":{"allow":["GET"]}}],"collection":[{"href":"https:\/\/zonafpark.com\/index.php\/wp-json\/wp\/v2\/pages"}],"about":[{"href":"https:\/\/zonafpark.com\/index.php\/wp-json\/wp\/v2\/types\/page"}],"author":[{"embeddable":true,"href":"https:\/\/zonafpark.com\/index.php\/wp-json\/wp\/v2\/users\/1"}],"replies":[{"embeddable":true,"href":"https:\/\/zonafpark.com\/index.php\/wp-json\/wp\/v2\/comments?post=607"}],"version-history":[{"count":23,"href":"https:\/\/zonafpark.com\/index.php\/wp-json\/wp\/v2\/pages\/607\/revisions"}],"predecessor-version":[{"id":836,"href":"https:\/\/zonafpark.com\/index.php\/wp-json\/wp\/v2\/pages\/607\/revisions\/836"}],"wp:attachment":[{"href":"https:\/\/zonafpark.com\/index.php\/wp-json\/wp\/v2\/media?parent=607"}],"curies":[{"name":"wp","href":"https:\/\/api.w.org\/{rel}","templated":true}]}}