{"id":628,"date":"2024-04-03T20:25:26","date_gmt":"2024-04-03T20:25:26","guid":{"rendered":"https:\/\/zonafpark.com\/?page_id=628"},"modified":"2024-05-21T11:14:52","modified_gmt":"2024-05-21T11:14:52","slug":"zf-hospedaje-y-vivienda-temporal","status":"publish","type":"page","link":"https:\/\/zonafpark.com\/index.php\/zf-hospedaje-y-vivienda-temporal\/","title":{"rendered":"ZF &#8211; HOSPEDAJE Y VIVIENDA TEMPORAL"},"content":{"rendered":"\t\t<div data-elementor-type=\"wp-page\" data-elementor-id=\"628\" class=\"elementor elementor-628\" data-elementor-post-type=\"page\">\n\t\t\t\t\t\t<section data-particle_enable=\"false\" data-particle-mobile-disabled=\"false\" class=\"elementor-section elementor-top-section elementor-element elementor-element-75668b6 elementor-section-boxed elementor-section-height-default elementor-section-height-default\" data-id=\"75668b6\" data-element_type=\"section\">\n\t\t\t\t\t\t<div class=\"elementor-container elementor-column-gap-default\">\n\t\t\t\t\t<div class=\"elementor-column elementor-col-100 elementor-top-column elementor-element elementor-element-47153f3\" data-id=\"47153f3\" data-element_type=\"column\">\n\t\t\t<div class=\"elementor-widget-wrap elementor-element-populated\">\n\t\t\t\t\t\t<div class=\"elementor-element elementor-element-82eb67c elementor-widget elementor-widget-heading\" data-id=\"82eb67c\" data-element_type=\"widget\" data-widget_type=\"heading.default\">\n\t\t\t\t<div class=\"elementor-widget-container\">\n\t\t\t<style>\/*! elementor - v3.19.0 - 07-02-2024 *\/\n.elementor-heading-title{padding:0;margin:0;line-height:1}.elementor-widget-heading .elementor-heading-title[class*=elementor-size-]>a{color:inherit;font-size:inherit;line-height:inherit}.elementor-widget-heading .elementor-heading-title.elementor-size-small{font-size:15px}.elementor-widget-heading .elementor-heading-title.elementor-size-medium{font-size:19px}.elementor-widget-heading .elementor-heading-title.elementor-size-large{font-size:29px}.elementor-widget-heading .elementor-heading-title.elementor-size-xl{font-size:39px}.elementor-widget-heading .elementor-heading-title.elementor-size-xxl{font-size:59px}<\/style><h2 class=\"elementor-heading-title elementor-size-default\">Zona F - Home.<\/h2>\t\t<\/div>\n\t\t\t\t<\/div>\n\t\t\t\t\t<\/div>\n\t\t<\/div>\n\t\t\t\t\t<\/div>\n\t\t<\/section>\n\t\t\t\t<section data-particle_enable=\"false\" data-particle-mobile-disabled=\"false\" class=\"elementor-section elementor-top-section elementor-element elementor-element-9069cf7 elementor-section-boxed elementor-section-height-default elementor-section-height-default\" data-id=\"9069cf7\" data-element_type=\"section\">\n\t\t\t\t\t\t<div class=\"elementor-container elementor-column-gap-default\">\n\t\t\t\t\t<div class=\"elementor-column elementor-col-50 elementor-top-column elementor-element elementor-element-db19a13\" data-id=\"db19a13\" data-element_type=\"column\">\n\t\t\t<div class=\"elementor-widget-wrap elementor-element-populated\">\n\t\t\t\t\t\t<div class=\"elementor-element elementor-element-b53dd7e elementor-widget elementor-widget-text-editor\" data-id=\"b53dd7e\" data-element_type=\"widget\" data-widget_type=\"text-editor.default\">\n\t\t\t\t<div class=\"elementor-widget-container\">\n\t\t\t<style>\/*! elementor - v3.19.0 - 07-02-2024 *\/\n.elementor-widget-text-editor.elementor-drop-cap-view-stacked .elementor-drop-cap{background-color:#69727d;color:#fff}.elementor-widget-text-editor.elementor-drop-cap-view-framed .elementor-drop-cap{color:#69727d;border:3px solid;background-color:transparent}.elementor-widget-text-editor:not(.elementor-drop-cap-view-default) .elementor-drop-cap{margin-top:8px}.elementor-widget-text-editor:not(.elementor-drop-cap-view-default) .elementor-drop-cap-letter{width:1em;height:1em}.elementor-widget-text-editor .elementor-drop-cap{float:left;text-align:center;line-height:1;font-size:50px}.elementor-widget-text-editor .elementor-drop-cap-letter{display:inline-block}<\/style>\t\t\t\t<p>traemos tambi\u00e9n diversas soluciones de hospedaje de corta y larga estancia llenos de exclusividad y privacidad en un entorno de lujo y sofisticaci\u00f3n, y podr\u00e1s disfrutar de:<br \/>\u2022 Servicio personalizado para atender todas las necesidades y preferencias individuales o corporativas.<br \/>\u2022 Dise\u00f1o arquitect\u00f3nico impresionante que refleja elegancia y distinci\u00f3n.<br \/>\u2022 Amenidades de primera clase que ofrecen una experiencia de hospedaje incomparable.<br \/>\u2022 Espacios amplios y confortables dise\u00f1ados para el m\u00e1ximo confort y relajaci\u00f3n.<br \/>\u2022 Gastronom\u00eda de alta cocina y opciones culinarias gourmet para todo tipo de paladares.<br \/>\u2022 Tecnolog\u00eda de vanguardia que brinda comodidades modernas y entretenimiento de calidad.<br \/>\u2022 Ubicaci\u00f3n privilegiada y diversos destinos exclusivos y con vistas panor\u00e1micas excepcionales.<br \/>\u2022 Privilegios exclusivos y acceso a servicios premium para una estancia inolvidable.<br \/>\u2022 Ambiente sereno y tranquilo que invita al descanso y la desconexi\u00f3n total.<br \/>\u2022 Programas de bienestar y spa de lujo para cuidar cuerpo y mente.<br \/>\u2022 Seguridad y privacidad absolutas para una estancia sin preocupaciones.<br \/>\u2022 Experiencias \u00fanicas y actividades personalizadas para cada hu\u00e9sped.<br \/>\u2022 Conserjer\u00eda de \u00e9lite para satisfacer todos los deseos y caprichos de los residentes.<br \/>\u2022 Arte y cultura integrados en el entorno para enriquecer la experiencia.<br \/>\u2022 Compromiso con la excelencia en cada detalle para superar expectativas.<\/p>\t\t\t\t\t\t<\/div>\n\t\t\t\t<\/div>\n\t\t\t\t\t<\/div>\n\t\t<\/div>\n\t\t\t\t<div class=\"elementor-column elementor-col-50 elementor-top-column elementor-element elementor-element-7472c9c\" data-id=\"7472c9c\" data-element_type=\"column\">\n\t\t\t<div class=\"elementor-widget-wrap elementor-element-populated\">\n\t\t\t\t\t\t<div class=\"elementor-element elementor-element-80d4495 elementor-widget elementor-widget-image\" data-id=\"80d4495\" data-element_type=\"widget\" data-widget_type=\"image.default\">\n\t\t\t\t<div class=\"elementor-widget-container\">\n\t\t\t<style>\/*! elementor - v3.19.0 - 07-02-2024 *\/\n.elementor-widget-image{text-align:center}.elementor-widget-image a{display:inline-block}.elementor-widget-image a img[src$=\".svg\"]{width:48px}.elementor-widget-image img{vertical-align:middle;display:inline-block}<\/style>\t\t\t\t\t\t\t\t\t\t<img fetchpriority=\"high\" decoding=\"async\" width=\"1024\" height=\"576\" src=\"https:\/\/zonafpark.com\/wp-content\/uploads\/2024\/05\/CAM_C_Nocturna_Sin-Logos-1024x576.jpg\" class=\"attachment-large size-large wp-image-733\" alt=\"\" srcset=\"https:\/\/zonafpark.com\/wp-content\/uploads\/2024\/05\/CAM_C_Nocturna_Sin-Logos-1024x576.jpg 1024w, https:\/\/zonafpark.com\/wp-content\/uploads\/2024\/05\/CAM_C_Nocturna_Sin-Logos-300x169.jpg 300w, https:\/\/zonafpark.com\/wp-content\/uploads\/2024\/05\/CAM_C_Nocturna_Sin-Logos-768x432.jpg 768w, https:\/\/zonafpark.com\/wp-content\/uploads\/2024\/05\/CAM_C_Nocturna_Sin-Logos-1536x864.jpg 1536w, https:\/\/zonafpark.com\/wp-content\/uploads\/2024\/05\/CAM_C_Nocturna_Sin-Logos-2048x1152.jpg 2048w\" sizes=\"(max-width: 1024px) 100vw, 1024px\" \/>\t\t\t\t\t\t\t\t\t\t\t\t\t<\/div>\n\t\t\t\t<\/div>\n\t\t\t\t<div class=\"elementor-element elementor-element-7d0a9be elementor-widget elementor-widget-image\" data-id=\"7d0a9be\" data-element_type=\"widget\" data-widget_type=\"image.default\">\n\t\t\t\t<div class=\"elementor-widget-container\">\n\t\t\t\t\t\t\t\t\t\t\t\t\t<img decoding=\"async\" width=\"1024\" height=\"682\" src=\"https:\/\/zonafpark.com\/wp-content\/uploads\/2024\/05\/a-handsome-young-man-in-a-bathrobe-rests-on-a-bed-in-a-hotel-room--1024x682.jpg\" class=\"attachment-large size-large wp-image-840\" alt=\"A handsome young man in a bathrobe rests on a bed in a hotel room.\" srcset=\"https:\/\/zonafpark.com\/wp-content\/uploads\/2024\/05\/a-handsome-young-man-in-a-bathrobe-rests-on-a-bed-in-a-hotel-room--1024x682.jpg 1024w, https:\/\/zonafpark.com\/wp-content\/uploads\/2024\/05\/a-handsome-young-man-in-a-bathrobe-rests-on-a-bed-in-a-hotel-room--300x200.jpg 300w, https:\/\/zonafpark.com\/wp-content\/uploads\/2024\/05\/a-handsome-young-man-in-a-bathrobe-rests-on-a-bed-in-a-hotel-room--768x512.jpg 768w, https:\/\/zonafpark.com\/wp-content\/uploads\/2024\/05\/a-handsome-young-man-in-a-bathrobe-rests-on-a-bed-in-a-hotel-room--1536x1024.jpg 1536w, https:\/\/zonafpark.com\/wp-content\/uploads\/2024\/05\/a-handsome-young-man-in-a-bathrobe-rests-on-a-bed-in-a-hotel-room-.jpg 2000w\" sizes=\"(max-width: 1024px) 100vw, 1024px\" \/>\t\t\t\t\t\t\t\t\t\t\t\t\t<\/div>\n\t\t\t\t<\/div>\n\t\t\t\t\t<\/div>\n\t\t<\/div>\n\t\t\t\t\t<\/div>\n\t\t<\/section>\n\t\t\t\t<\/div>\n\t\t","protected":false},"excerpt":{"rendered":"<p>Zona F &#8211; Home. traemos tambi\u00e9n diversas soluciones de hospedaje de corta y larga estancia llenos de exclusividad y privacidad [&hellip;]<\/p>\n","protected":false},"author":1,"featured_media":0,"parent":0,"menu_order":0,"comment_status":"closed","ping_status":"closed","template":"","meta":{"site-sidebar-layout":"no-sidebar","site-content-layout":"","ast-site-content-layout":"full-width-container","site-content-style":"default","site-sidebar-style":"default","ast-global-header-display":"","ast-banner-title-visibility":"","ast-main-header-display":"","ast-hfb-above-header-display":"","ast-hfb-below-header-display":"","ast-hfb-mobile-header-display":"","site-post-title":"disabled","ast-breadcrumbs-content":"","ast-featured-img":"disabled","footer-sml-layout":"","theme-transparent-header-meta":"","adv-header-id-meta":"","stick-header-meta":"","header-above-stick-meta":"","header-main-stick-meta":"","header-below-stick-meta":"","astra-migrate-meta-layouts":"default","ast-page-background-enabled":"default","ast-page-background-meta":{"desktop":{"background-color":"var(--ast-global-color-4)","background-image":"","background-repeat":"repeat","background-position":"center center","background-size":"auto","background-attachment":"scroll","background-type":"","background-media":"","overlay-type":"","overlay-color":"","overlay-gradient":""},"tablet":{"background-color":"","background-image":"","background-repeat":"repeat","background-position":"center center","background-size":"auto","background-attachment":"scroll","background-type":"","background-media":"","overlay-type":"","overlay-color":"","overlay-gradient":""},"mobile":{"background-color":"","background-image":"","background-repeat":"repeat","background-position":"center center","background-size":"auto","background-attachment":"scroll","background-type":"","background-media":"","overlay-type":"","overlay-color":"","overlay-gradient":""}},"ast-content-background-meta":{"desktop":{"background-color":"var(--ast-global-color-5)","background-image":"","background-repeat":"repeat","background-position":"center center","background-size":"auto","background-attachment":"scroll","background-type":"","background-media":"","overlay-type":"","overlay-color":"","overlay-gradient":""},"tablet":{"background-color":"var(--ast-global-color-5)","background-image":"","background-repeat":"repeat","background-position":"center center","background-size":"auto","background-attachment":"scroll","background-type":"","background-media":"","overlay-type":"","overlay-color":"","overlay-gradient":""},"mobile":{"background-color":"var(--ast-global-color-5)","background-image":"","background-repeat":"repeat","background-position":"center center","background-size":"auto","background-attachment":"scroll","background-type":"","background-media":"","overlay-type":"","overlay-color":"","overlay-gradient":""}},"_joinchat":[],"footnotes":""},"class_list":["post-628","page","type-page","status-publish","hentry"],"_links":{"self":[{"href":"https:\/\/zonafpark.com\/index.php\/wp-json\/wp\/v2\/pages\/628","targetHints":{"allow":["GET"]}}],"collection":[{"href":"https:\/\/zonafpark.com\/index.php\/wp-json\/wp\/v2\/pages"}],"about":[{"href":"https:\/\/zonafpark.com\/index.php\/wp-json\/wp\/v2\/types\/page"}],"author":[{"embeddable":true,"href":"https:\/\/zonafpark.com\/index.php\/wp-json\/wp\/v2\/users\/1"}],"replies":[{"embeddable":true,"href":"https:\/\/zonafpark.com\/index.php\/wp-json\/wp\/v2\/comments?post=628"}],"version-history":[{"count":16,"href":"https:\/\/zonafpark.com\/index.php\/wp-json\/wp\/v2\/pages\/628\/revisions"}],"predecessor-version":[{"id":846,"href":"https:\/\/zonafpark.com\/index.php\/wp-json\/wp\/v2\/pages\/628\/revisions\/846"}],"wp:attachment":[{"href":"https:\/\/zonafpark.com\/index.php\/wp-json\/wp\/v2\/media?parent=628"}],"curies":[{"name":"wp","href":"https:\/\/api.w.org\/{rel}","templated":true}]}}